{"id":783585,"date":"2024-01-23T11:40:58","date_gmt":"2024-01-23T11:40:58","guid":{"rendered":"https:\/\/www.novadistribution.eu\/?post_type=product&#038;p=783585"},"modified":"2024-01-23T11:50:32","modified_gmt":"2024-01-23T11:50:32","slug":"joint-d-arbre-ndpstklsp-nd-22-1103","status":"publish","type":"product","link":"https:\/\/www.novadistribution.eu\/fr\/prodotti\/compresseurs\/joint-d-arbre\/joint-d-arbre-ndpstklsp-nd-22-1103\/","title":{"rendered":"Joint d&rsquo;arbre NDPSTKLSP (ND-22-1103)"},"content":{"rendered":"<p><strong>Joint d&rsquo;arbre<\/strong> pour compresseur <strong>Thermo King<\/strong>:<\/p>\n<p><strong>X430P<\/strong><\/p>\n<p><strong> X426P<\/strong><\/p>\n<p>Joint d&rsquo;arbre en acier inoxydable avec bronze, bague de contact et bague d&rsquo;\u00e9tanch\u00e9it\u00e9 en m\u00e9tal dur<\/p>\n<p>Produit non original<\/p>\n<p>Ceci est un produit <strong>NOVA DISTRIBUTION<\/strong><\/p>\n","protected":false},"excerpt":{"rendered":"<p>Codes de conversion OEM:<\/p>\n<p>22-1103<\/p>\n<p>221103<\/p>\n","protected":false},"featured_media":783586,"template":"","meta":{"_et_pb_use_builder":"","_et_pb_old_content":"","_et_gb_content_width":"","_joinchat":[]},"product_brand":[],"product_cat":[604],"product_tag":[],"class_list":{"0":"post-783585","1":"product","2":"type-product","3":"status-publish","4":"has-post-thumbnail","6":"product_cat-joint-d-arbre","8":"first","9":"instock","10":"purchasable","11":"product-type-simple"},"_links":{"self":[{"href":"https:\/\/www.novadistribution.eu\/fr\/wp-json\/wp\/v2\/product\/783585","targetHints":{"allow":["GET"]}}],"collection":[{"href":"https:\/\/www.novadistribution.eu\/fr\/wp-json\/wp\/v2\/product"}],"about":[{"href":"https:\/\/www.novadistribution.eu\/fr\/wp-json\/wp\/v2\/types\/product"}],"wp:featuredmedia":[{"embeddable":true,"href":"https:\/\/www.novadistribution.eu\/fr\/wp-json\/wp\/v2\/media\/783586"}],"wp:attachment":[{"href":"https:\/\/www.novadistribution.eu\/fr\/wp-json\/wp\/v2\/media?parent=783585"}],"wp:term":[{"taxonomy":"product_brand","embeddable":true,"href":"https:\/\/www.novadistribution.eu\/fr\/wp-json\/wp\/v2\/product_brand?post=783585"},{"taxonomy":"product_cat","embeddable":true,"href":"https:\/\/www.novadistribution.eu\/fr\/wp-json\/wp\/v2\/product_cat?post=783585"},{"taxonomy":"product_tag","embeddable":true,"href":"https:\/\/www.novadistribution.eu\/fr\/wp-json\/wp\/v2\/product_tag?post=783585"}],"curies":[{"name":"wp","href":"https:\/\/api.w.org\/{rel}","templated":true}]}}