{"id":783639,"date":"2024-02-13T17:14:17","date_gmt":"2024-02-13T17:14:17","guid":{"rendered":"https:\/\/www.novadistribution.eu\/?post_type=product&#038;p=783639"},"modified":"2024-02-13T18:59:48","modified_gmt":"2024-02-13T18:59:48","slug":"solenoide-de-vitesse-ndsaslx-nd-41-1566","status":"publish","type":"product","link":"https:\/\/www.novadistribution.eu\/fr\/prodotti\/solenoides-2\/solenoides-thermo-king-2\/solenoide-de-vitesse-ndsaslx-nd-41-1566\/","title":{"rendered":"Sol\u00e9no\u00efde de vitesse NDSASLX (ND-41-1566)"},"content":{"rendered":"<p><strong>Sol\u00e9no\u00efde de vitesse<\/strong> complet pour moteurs Yanmar 4.82 \/ 4.86<\/p>\n<p>et les unit\u00e9s <strong>Thermo King<\/strong>:<\/p>\n<p><strong>SLXi<\/strong>:\u00a0 \u00a0 \u00a0 \u00a0 \u00a0 \u00a0 \u00a0 \u00a0 Spectrum 400 \/ 300 Whisper Pro \/ 200 \/ 100 \/ 200-50 \/ 300 Whisper Pro-50 \/ 400-50 \/\u00a0 \u00a0 \u00a0 \u00a0 \u00a0 \u00a0 \u00a0 \u00a0 \u00a0 \u00a0 \u00a0 \u00a0 \u00a0 \u00a0 \u00a0 \u00a0 \u00a0 \u00a0Spectrum-50 \/<\/p>\n<p><strong>TS:\u00a0 \u00a0 \u00a0 \u00a0 \u00a0 \u00a0 \u00a0 \u00a0 \u00a0 \u00a0<\/strong> 600 500 \/ 300 \/ 200 \/ Spectrum \/<\/p>\n<p><strong>SLX:\u00a0 \u00a0 \u00a0 \u00a0 \u00a0 \u00a0 \u00a0 \u00a0 <\/strong>\u00a0400 SLX Whisper 400 \/ 300 \/ 200 \/ 400 50 \/ Spectrum \/ 100 \/ 300-50 \/ 300e-50 \/ 400-50 \/\u00a0 \u00a0 \u00a0 \u00a0 \u00a0 \u00a0 \u00a0 \u00a0 \u00a0 \u00a0 \u00a0 \u00a0 \u00a0 \u00a0Spectrum-50 \/<\/p>\n<p><strong>Precedent:\u00a0<\/strong> S-610DE C-600 \/ G-700 \/<\/p>\n<p><strong>SL:\u00a0 \u00a0 \u00a0 \u00a0 \u00a0 \u00a0 \u00a0 \u00a0 \u00a0 <\/strong>\u00a0400e 200e \/ 100 \/ 200 \/ 300 \/ 400 \/ 100e \/ SPECTRUM \/ Multi-Temp \/ SL-400e SR2 \/<\/p>\n<p><strong>SLXe:\u00a0 \u00a0 \u00a0 \u00a0 \u00a0 \u00a0 <\/strong>\u00a0300 200 \/ 400 \/ Spectrum \/ 400-50 \/ 300-50 \/ 200-50 \/ Spectrum-50 \/<\/p>\n<p><strong>Advancer:\u00a0 <\/strong>\u00a0A-360<\/p>\n<p>Produit non original<\/p>\n","protected":false},"excerpt":{"rendered":"<p>Codes de conversion OEM:<\/p>\n<p>41-1566<\/p>\n<p>411566<\/p>\n","protected":false},"featured_media":783640,"template":"","meta":{"_et_pb_use_builder":"","_et_pb_old_content":"","_et_gb_content_width":"","_joinchat":[]},"product_brand":[],"product_cat":[460],"product_tag":[],"class_list":{"0":"post-783639","1":"product","2":"type-product","3":"status-publish","4":"has-post-thumbnail","6":"product_cat-solenoides-thermo-king-2","8":"first","9":"instock","10":"purchasable","11":"product-type-simple"},"_links":{"self":[{"href":"https:\/\/www.novadistribution.eu\/fr\/wp-json\/wp\/v2\/product\/783639","targetHints":{"allow":["GET"]}}],"collection":[{"href":"https:\/\/www.novadistribution.eu\/fr\/wp-json\/wp\/v2\/product"}],"about":[{"href":"https:\/\/www.novadistribution.eu\/fr\/wp-json\/wp\/v2\/types\/product"}],"wp:featuredmedia":[{"embeddable":true,"href":"https:\/\/www.novadistribution.eu\/fr\/wp-json\/wp\/v2\/media\/783640"}],"wp:attachment":[{"href":"https:\/\/www.novadistribution.eu\/fr\/wp-json\/wp\/v2\/media?parent=783639"}],"wp:term":[{"taxonomy":"product_brand","embeddable":true,"href":"https:\/\/www.novadistribution.eu\/fr\/wp-json\/wp\/v2\/product_brand?post=783639"},{"taxonomy":"product_cat","embeddable":true,"href":"https:\/\/www.novadistribution.eu\/fr\/wp-json\/wp\/v2\/product_cat?post=783639"},{"taxonomy":"product_tag","embeddable":true,"href":"https:\/\/www.novadistribution.eu\/fr\/wp-json\/wp\/v2\/product_tag?post=783639"}],"curies":[{"name":"wp","href":"https:\/\/api.w.org\/{rel}","templated":true}]}}