{"id":783663,"date":"2024-02-15T12:03:45","date_gmt":"2024-02-15T12:03:45","guid":{"rendered":"https:\/\/www.novadistribution.eu\/?post_type=product&#038;p=783663"},"modified":"2024-02-15T12:16:46","modified_gmt":"2024-02-15T12:16:46","slug":"solenoide-de-vitesse-ndsasup-nd-10-00520-00","status":"publish","type":"product","link":"https:\/\/www.novadistribution.eu\/fr\/prodotti\/solenoides-2\/solenoides-carrier-transicold-2\/solenoide-de-vitesse-ndsasup-nd-10-00520-00\/","title":{"rendered":"Sol\u00e9no\u00efde De Vitesse NDSASUP (ND-10-00520-00)"},"content":{"rendered":"<p><strong>Sol\u00e9no\u00efde de vitesse <\/strong>pour moteurs<strong>Kubota 3.69 \/ 4.91<\/strong><\/p>\n<p>Convient aux unit\u00e9s<strong> Carrier Transicold:<\/strong><\/p>\n<p><strong>Supra:\u00a0 \u00a0 \u00a0\u00a0<\/strong> METROBIRD SOLARA \/ 1250 \/ 1150MT \/ 1150 \/ 1050 \/ 950U \/ 950MT \/ 950 \/ 944 \/ 922 \/ 850U \/422\u00a0 \u00a0 \u00a0 \u00a0 \u00a0 \u00a0 \u00a0 \u00a0 \u00a0 \u00a0 \u00a0 550 \/ 622 \/ 644 \/ 650 \/ 722 \/ 744 \/ 750 \/ 750MT \/ 844 \/ 850 \/ 850MT \/ 1250MT \/ 450 \/ 822 \/<\/p>\n<p><strong>Maxima:\u00a0<\/strong> 1300 MT \/ 1000 \/ 1200 \/ 1200 MT \/ 1300 \/ 1550 \/<\/p>\n<p><strong>Vector:\u00a0 \u00a0\u00a0<\/strong> 1550<\/p>\n<p>Produit non original<\/p>\n","protected":false},"excerpt":{"rendered":"<p>Codes de conversion OEM:<\/p>\n<p>10-00520-00<\/p>\n<p>100052000<\/p>\n<p>10-66810-00<\/p>\n<p>106681000<\/p>\n<p>10-01095-00<\/p>\n<p>100109500<\/p>\n","protected":false},"featured_media":783664,"template":"","meta":{"_et_pb_use_builder":"","_et_pb_old_content":"","_et_gb_content_width":"","_joinchat":[]},"product_brand":[],"product_cat":[454],"product_tag":[],"class_list":{"0":"post-783663","1":"product","2":"type-product","3":"status-publish","4":"has-post-thumbnail","6":"product_cat-solenoides-carrier-transicold-2","8":"first","9":"instock","10":"purchasable","11":"product-type-simple"},"_links":{"self":[{"href":"https:\/\/www.novadistribution.eu\/fr\/wp-json\/wp\/v2\/product\/783663","targetHints":{"allow":["GET"]}}],"collection":[{"href":"https:\/\/www.novadistribution.eu\/fr\/wp-json\/wp\/v2\/product"}],"about":[{"href":"https:\/\/www.novadistribution.eu\/fr\/wp-json\/wp\/v2\/types\/product"}],"wp:featuredmedia":[{"embeddable":true,"href":"https:\/\/www.novadistribution.eu\/fr\/wp-json\/wp\/v2\/media\/783664"}],"wp:attachment":[{"href":"https:\/\/www.novadistribution.eu\/fr\/wp-json\/wp\/v2\/media?parent=783663"}],"wp:term":[{"taxonomy":"product_brand","embeddable":true,"href":"https:\/\/www.novadistribution.eu\/fr\/wp-json\/wp\/v2\/product_brand?post=783663"},{"taxonomy":"product_cat","embeddable":true,"href":"https:\/\/www.novadistribution.eu\/fr\/wp-json\/wp\/v2\/product_cat?post=783663"},{"taxonomy":"product_tag","embeddable":true,"href":"https:\/\/www.novadistribution.eu\/fr\/wp-json\/wp\/v2\/product_tag?post=783663"}],"curies":[{"name":"wp","href":"https:\/\/api.w.org\/{rel}","templated":true}]}}