{"id":783687,"date":"2024-02-27T15:42:08","date_gmt":"2024-02-27T15:42:08","guid":{"rendered":"https:\/\/www.novadistribution.eu\/?post_type=product&#038;p=783687"},"modified":"2024-02-27T15:42:08","modified_gmt":"2024-02-27T15:42:08","slug":"tuyau-d-echappement-nd3411a-nd-76-61273-00","status":"publish","type":"product","link":"https:\/\/www.novadistribution.eu\/fr\/prodotti\/pot-d-echappement\/tuyau-d-echappement-nd3411a-nd-76-61273-00\/","title":{"rendered":"Tuyau d&rsquo;\u00e9chappement ND3411A (ND-76-61273-00)"},"content":{"rendered":"<p><strong>Kit de tuyau d&rsquo;\u00e9chappement<\/strong> complet avec rallonge, colliers et joint d&rsquo;\u00e9tanch\u00e9it\u00e9.<\/p>\n<p>Convient aux unit\u00e9s <strong>Carrier Transicold<\/strong>:<\/p>\n<p><strong>Maxima<\/strong>:\u00a0 \u00a01000\/ 1200\/ 1300\/ Maxima MT\/ Plus\/ Maxima 2<\/p>\n<p>Produit non original<\/p>\n","protected":false},"excerpt":{"rendered":"<p>Code de conversion OEM:<\/p>\n<p>76-61273-00<\/p>\n<p>766127300<\/p>\n<p>&nbsp;<\/p>\n","protected":false},"featured_media":783688,"template":"","meta":{"_et_pb_use_builder":"","_et_pb_old_content":"","_et_gb_content_width":"","_joinchat":[]},"product_brand":[],"product_cat":[610],"product_tag":[],"class_list":{"0":"post-783687","1":"product","2":"type-product","3":"status-publish","4":"has-post-thumbnail","6":"product_cat-pot-d-echappement","8":"first","9":"instock","10":"purchasable","11":"product-type-simple"},"_links":{"self":[{"href":"https:\/\/www.novadistribution.eu\/fr\/wp-json\/wp\/v2\/product\/783687","targetHints":{"allow":["GET"]}}],"collection":[{"href":"https:\/\/www.novadistribution.eu\/fr\/wp-json\/wp\/v2\/product"}],"about":[{"href":"https:\/\/www.novadistribution.eu\/fr\/wp-json\/wp\/v2\/types\/product"}],"wp:featuredmedia":[{"embeddable":true,"href":"https:\/\/www.novadistribution.eu\/fr\/wp-json\/wp\/v2\/media\/783688"}],"wp:attachment":[{"href":"https:\/\/www.novadistribution.eu\/fr\/wp-json\/wp\/v2\/media?parent=783687"}],"wp:term":[{"taxonomy":"product_brand","embeddable":true,"href":"https:\/\/www.novadistribution.eu\/fr\/wp-json\/wp\/v2\/product_brand?post=783687"},{"taxonomy":"product_cat","embeddable":true,"href":"https:\/\/www.novadistribution.eu\/fr\/wp-json\/wp\/v2\/product_cat?post=783687"},{"taxonomy":"product_tag","embeddable":true,"href":"https:\/\/www.novadistribution.eu\/fr\/wp-json\/wp\/v2\/product_tag?post=783687"}],"curies":[{"name":"wp","href":"https:\/\/api.w.org\/{rel}","templated":true}]}}