{"id":783975,"date":"2024-04-18T10:43:30","date_gmt":"2024-04-18T10:43:30","guid":{"rendered":"https:\/\/www.novadistribution.eu\/?post_type=product&#038;p=783975"},"modified":"2024-04-18T10:43:30","modified_gmt":"2024-04-18T10:43:30","slug":"poulie-lisse-complete-ndpultkvsl-nd-77-2900","status":"publish","type":"product","link":"https:\/\/www.novadistribution.eu\/fr\/prodotti\/poulies-et-engrenages\/poulie-lisse-complete-ndpultkvsl-nd-77-2900\/","title":{"rendered":"Poulie lisse compl\u00e8te NDPULTKVSL (ND-77-2900)"},"content":{"rendered":"<p><strong>Poulie lisse compl\u00e8te pour le c\u00f4t\u00e9 ventilateur<\/strong><\/p>\n<p>Convient aux appareils <strong>Thermo King<\/strong>:<\/p>\n<p><strong>SLXi<\/strong>:\u00a0 100\/ 200\/ 300\/ 400\/ Spectrum\/ Whisper Pro<\/p>\n<p><strong>SLX<\/strong>:\u00a0 \u00a0100\/ 200\/ 300\/ 400\/ Spectrum\/ Whisper<\/p>\n<p><strong>SLXe<\/strong>: 200\/ 300\/ 400\/ Spectrum<\/p>\n<p>Produit non authentique<\/p>\n","protected":false},"excerpt":{"rendered":"<p>Codes de conversion OEM:<\/p>\n<p>77-2900<\/p>\n<p>772900<\/p>\n","protected":false},"featured_media":783976,"template":"","meta":{"_et_pb_use_builder":"","_et_pb_old_content":"","_et_gb_content_width":"","_joinchat":[]},"product_brand":[],"product_cat":[586],"product_tag":[],"class_list":{"0":"post-783975","1":"product","2":"type-product","3":"status-publish","4":"has-post-thumbnail","6":"product_cat-poulies-et-engrenages","8":"first","9":"instock","10":"purchasable","11":"product-type-simple"},"_links":{"self":[{"href":"https:\/\/www.novadistribution.eu\/fr\/wp-json\/wp\/v2\/product\/783975","targetHints":{"allow":["GET"]}}],"collection":[{"href":"https:\/\/www.novadistribution.eu\/fr\/wp-json\/wp\/v2\/product"}],"about":[{"href":"https:\/\/www.novadistribution.eu\/fr\/wp-json\/wp\/v2\/types\/product"}],"wp:featuredmedia":[{"embeddable":true,"href":"https:\/\/www.novadistribution.eu\/fr\/wp-json\/wp\/v2\/media\/783976"}],"wp:attachment":[{"href":"https:\/\/www.novadistribution.eu\/fr\/wp-json\/wp\/v2\/media?parent=783975"}],"wp:term":[{"taxonomy":"product_brand","embeddable":true,"href":"https:\/\/www.novadistribution.eu\/fr\/wp-json\/wp\/v2\/product_brand?post=783975"},{"taxonomy":"product_cat","embeddable":true,"href":"https:\/\/www.novadistribution.eu\/fr\/wp-json\/wp\/v2\/product_cat?post=783975"},{"taxonomy":"product_tag","embeddable":true,"href":"https:\/\/www.novadistribution.eu\/fr\/wp-json\/wp\/v2\/product_tag?post=783975"}],"curies":[{"name":"wp","href":"https:\/\/api.w.org\/{rel}","templated":true}]}}