{"id":783999,"date":"2024-04-18T16:43:33","date_gmt":"2024-04-18T16:43:33","guid":{"rendered":"https:\/\/www.novadistribution.eu\/?post_type=product&#038;p=783999"},"modified":"2024-04-18T16:43:33","modified_gmt":"2024-04-18T16:43:33","slug":"poulie-complete-rainuree-ndpultkvpw-nd-77-2901","status":"publish","type":"product","link":"https:\/\/www.novadistribution.eu\/fr\/prodotti\/poulies-et-engrenages\/poulie-complete-rainuree-ndpultkvpw-nd-77-2901\/","title":{"rendered":"Poulie compl\u00e8te rainur\u00e9e NDPULTKVPW (ND-77-2901)"},"content":{"rendered":"<p><strong>Poulie de renvoi rainur\u00e9e compl\u00e8te pour le c\u00f4t\u00e9 ventilateur<\/strong><\/p>\n<p>Convient aux appareils <strong>Thermo King<\/strong>:<\/p>\n<p><strong>SLXi<\/strong>:\u00a0 \u00a0100\/ 200\/ 300\/ 400\/ Spectrum\/ Wjisper Pro<\/p>\n<p><strong>SLX<\/strong>:\u00a0 \u00a0 100\/ 200\/ 300\/ 400\/ Spectrum\/ Whisper<\/p>\n<p><strong>Slxe<\/strong>:\u00a0 \u00a0100\/ 200\/ 300\/ 400\/ Whisper\/ Whisper Pro<\/p>\n<p>Produit non authentique<\/p>\n","protected":false},"excerpt":{"rendered":"<p>Codes de conversion OEM:<\/p>\n<p>77-2901<\/p>\n<p>772901<\/p>\n","protected":false},"featured_media":784000,"template":"","meta":{"_et_pb_use_builder":"","_et_pb_old_content":"","_et_gb_content_width":"","_joinchat":[]},"product_brand":[],"product_cat":[586],"product_tag":[],"class_list":{"0":"post-783999","1":"product","2":"type-product","3":"status-publish","4":"has-post-thumbnail","6":"product_cat-poulies-et-engrenages","8":"first","9":"instock","10":"purchasable","11":"product-type-simple"},"_links":{"self":[{"href":"https:\/\/www.novadistribution.eu\/fr\/wp-json\/wp\/v2\/product\/783999","targetHints":{"allow":["GET"]}}],"collection":[{"href":"https:\/\/www.novadistribution.eu\/fr\/wp-json\/wp\/v2\/product"}],"about":[{"href":"https:\/\/www.novadistribution.eu\/fr\/wp-json\/wp\/v2\/types\/product"}],"wp:featuredmedia":[{"embeddable":true,"href":"https:\/\/www.novadistribution.eu\/fr\/wp-json\/wp\/v2\/media\/784000"}],"wp:attachment":[{"href":"https:\/\/www.novadistribution.eu\/fr\/wp-json\/wp\/v2\/media?parent=783999"}],"wp:term":[{"taxonomy":"product_brand","embeddable":true,"href":"https:\/\/www.novadistribution.eu\/fr\/wp-json\/wp\/v2\/product_brand?post=783999"},{"taxonomy":"product_cat","embeddable":true,"href":"https:\/\/www.novadistribution.eu\/fr\/wp-json\/wp\/v2\/product_cat?post=783999"},{"taxonomy":"product_tag","embeddable":true,"href":"https:\/\/www.novadistribution.eu\/fr\/wp-json\/wp\/v2\/product_tag?post=783999"}],"curies":[{"name":"wp","href":"https:\/\/api.w.org\/{rel}","templated":true}]}}