{"id":784359,"date":"2024-05-16T17:57:52","date_gmt":"2024-05-16T17:57:52","guid":{"rendered":"https:\/\/www.novadistribution.eu\/?post_type=product&#038;p=784359"},"modified":"2024-05-16T17:57:52","modified_gmt":"2024-05-16T17:57:52","slug":"microprocesseur-tk-ndeltkv500mic12-nd-45-2192","status":"publish","type":"product","link":"https:\/\/www.novadistribution.eu\/fr\/prodotti\/lectronique\/microprocesseur-tk-ndeltkv500mic12-nd-45-2192\/","title":{"rendered":"Microprocesseur TK NDELTKV500MIC12 (ND-45-2192)"},"content":{"rendered":"<p><strong>Microprocesseur 12 V pour les appareils Thermo King<\/strong>:<\/p>\n<p><strong>V-Series<\/strong>:\u00a0 \u00a0200\/ 300\/ 500\/ DSR\/ TCI<\/p>\n<p>Cet appareil peut \u00eatre converti en 24 V en changeant les fusibles.<\/p>\n<p>Il s&rsquo;agit d&rsquo;un produit reconditionn\u00e9 et livr\u00e9 avec un programme d&rsquo;\u00e9change.<\/p>\n<p>Le retour doit \u00eatre reconditionnable<\/p>\n","protected":false},"excerpt":{"rendered":"<p>Codes de conversion OEM:<\/p>\n<p>45-2192<\/p>\n<p>452192<\/p>\n<p>45-2075<\/p>\n<p>452075<\/p>\n<p>&nbsp;<\/p>\n","protected":false},"featured_media":784360,"template":"","meta":{"_et_pb_use_builder":"","_et_pb_old_content":"","_et_gb_content_width":"","_joinchat":[]},"product_brand":[],"product_cat":[520],"product_tag":[],"class_list":{"0":"post-784359","1":"product","2":"type-product","3":"status-publish","4":"has-post-thumbnail","6":"product_cat-lectronique","8":"first","9":"instock","10":"purchasable","11":"product-type-simple"},"_links":{"self":[{"href":"https:\/\/www.novadistribution.eu\/fr\/wp-json\/wp\/v2\/product\/784359","targetHints":{"allow":["GET"]}}],"collection":[{"href":"https:\/\/www.novadistribution.eu\/fr\/wp-json\/wp\/v2\/product"}],"about":[{"href":"https:\/\/www.novadistribution.eu\/fr\/wp-json\/wp\/v2\/types\/product"}],"wp:featuredmedia":[{"embeddable":true,"href":"https:\/\/www.novadistribution.eu\/fr\/wp-json\/wp\/v2\/media\/784360"}],"wp:attachment":[{"href":"https:\/\/www.novadistribution.eu\/fr\/wp-json\/wp\/v2\/media?parent=784359"}],"wp:term":[{"taxonomy":"product_brand","embeddable":true,"href":"https:\/\/www.novadistribution.eu\/fr\/wp-json\/wp\/v2\/product_brand?post=784359"},{"taxonomy":"product_cat","embeddable":true,"href":"https:\/\/www.novadistribution.eu\/fr\/wp-json\/wp\/v2\/product_cat?post=784359"},{"taxonomy":"product_tag","embeddable":true,"href":"https:\/\/www.novadistribution.eu\/fr\/wp-json\/wp\/v2\/product_tag?post=784359"}],"curies":[{"name":"wp","href":"https:\/\/api.w.org\/{rel}","templated":true}]}}