{"id":784437,"date":"2024-05-29T16:08:31","date_gmt":"2024-05-29T16:08:31","guid":{"rendered":"https:\/\/www.novadistribution.eu\/?post_type=product&#038;p=784437"},"modified":"2024-06-05T12:21:03","modified_gmt":"2024-06-05T12:21:03","slug":"microprocesseur-thermoguard-ndeltkgvi-nd-45-2180","status":"publish","type":"product","link":"https:\/\/www.novadistribution.eu\/fr\/prodotti\/lectronique\/microprocesseur-thermoguard-ndeltkgvi-nd-45-2180\/","title":{"rendered":"Microprocesseur Thermoguard NDELTKGVI (ND-45-2180)"},"content":{"rendered":"<p><strong>Microprocesseur avec panneau de contr\u00f4le TG-VI<\/strong><\/p>\n<p>Convient aux appareils <strong>Thermo King<\/strong>:<\/p>\n<p><strong>SL<\/strong>:\u00a0 \u00a0 \u00a0100\/ 200<\/p>\n<p><strong>SMX<\/strong>:\u00a0 II\/ SR<\/p>\n<p>Il s&rsquo;agit d&rsquo;un produit remanufactur\u00e9 qui b\u00e9n\u00e9ficie d&rsquo;un programme d&rsquo;\u00e9change.<\/p>\n<p>Le retour doit pouvoir \u00eatre remis \u00e0 neuf<\/p>\n","protected":false},"excerpt":{"rendered":"<p>Codes de conversion OEM:<\/p>\n<p>45-2180<\/p>\n<p>452180<\/p>\n<p>45-1767<\/p>\n<p>451767<\/p>\n","protected":false},"featured_media":784438,"template":"","meta":{"_et_pb_use_builder":"","_et_pb_old_content":"","_et_gb_content_width":"","_joinchat":[]},"product_brand":[],"product_cat":[520],"product_tag":[],"class_list":{"0":"post-784437","1":"product","2":"type-product","3":"status-publish","4":"has-post-thumbnail","6":"product_cat-lectronique","8":"first","9":"instock","10":"purchasable","11":"product-type-simple"},"_links":{"self":[{"href":"https:\/\/www.novadistribution.eu\/fr\/wp-json\/wp\/v2\/product\/784437","targetHints":{"allow":["GET"]}}],"collection":[{"href":"https:\/\/www.novadistribution.eu\/fr\/wp-json\/wp\/v2\/product"}],"about":[{"href":"https:\/\/www.novadistribution.eu\/fr\/wp-json\/wp\/v2\/types\/product"}],"wp:featuredmedia":[{"embeddable":true,"href":"https:\/\/www.novadistribution.eu\/fr\/wp-json\/wp\/v2\/media\/784438"}],"wp:attachment":[{"href":"https:\/\/www.novadistribution.eu\/fr\/wp-json\/wp\/v2\/media?parent=784437"}],"wp:term":[{"taxonomy":"product_brand","embeddable":true,"href":"https:\/\/www.novadistribution.eu\/fr\/wp-json\/wp\/v2\/product_brand?post=784437"},{"taxonomy":"product_cat","embeddable":true,"href":"https:\/\/www.novadistribution.eu\/fr\/wp-json\/wp\/v2\/product_cat?post=784437"},{"taxonomy":"product_tag","embeddable":true,"href":"https:\/\/www.novadistribution.eu\/fr\/wp-json\/wp\/v2\/product_tag?post=784437"}],"curies":[{"name":"wp","href":"https:\/\/api.w.org\/{rel}","templated":true}]}}