{"id":784461,"date":"2024-05-30T15:06:28","date_gmt":"2024-05-30T15:06:28","guid":{"rendered":"https:\/\/www.novadistribution.eu\/?post_type=product&#038;p=784461"},"modified":"2024-05-30T15:13:08","modified_gmt":"2024-05-30T15:13:08","slug":"carte-relais-u-pt-ndeltkuptsr-nd-41-8088","status":"publish","type":"product","link":"https:\/\/www.novadistribution.eu\/fr\/prodotti\/lectronique\/carte-relais-u-pt-ndeltkuptsr-nd-41-8088\/","title":{"rendered":"Carte relais u-PT NDELTKUPTSR (ND-41-8088)"},"content":{"rendered":"<p><strong>Carte relais compl\u00e8te avec s\u00e9lecteur de phase<\/strong><\/p>\n<p>Convient aux appareils <strong>Thermo King<\/strong>:<\/p>\n<p><strong>TS<\/strong>:\u00a0 \u00a0 \u00a0 200\/ 300\/ 500\/ 600<\/p>\n<p><strong>UTS<\/strong>:<\/p>\n<p><strong>MD<\/strong>:\u00a0 \u00a0 \u00a0II SR<\/p>\n<p><strong>KD<\/strong>:\u00a0 \u00a0 \u00a0II SR<\/p>\n<p><strong>RD<\/strong>:\u00a0 \u00a0 \u00a0II SR<\/p>\n<p><strong>TD<\/strong>:\u00a0 \u00a0 \u00a0II SR<\/p>\n<p>Il s&rsquo;agit d&rsquo;un produit reconditionn\u00e9 qui b\u00e9n\u00e9ficie d&rsquo;un programme d&rsquo;\u00e9change.<\/p>\n<p>Le retour doit pouvoir \u00eatre remis \u00e0 neuf<\/p>\n","protected":false},"excerpt":{"rendered":"<p>Codes de conversion OEM:<\/p>\n<p>41-8088<\/p>\n<p>418088<\/p>\n<p>41-7053<\/p>\n<p>417053<\/p>\n","protected":false},"featured_media":784462,"template":"","meta":{"_et_pb_use_builder":"","_et_pb_old_content":"","_et_gb_content_width":"","_joinchat":[]},"product_brand":[],"product_cat":[520],"product_tag":[],"class_list":{"0":"post-784461","1":"product","2":"type-product","3":"status-publish","4":"has-post-thumbnail","6":"product_cat-lectronique","8":"first","9":"instock","10":"purchasable","11":"product-type-simple"},"_links":{"self":[{"href":"https:\/\/www.novadistribution.eu\/fr\/wp-json\/wp\/v2\/product\/784461","targetHints":{"allow":["GET"]}}],"collection":[{"href":"https:\/\/www.novadistribution.eu\/fr\/wp-json\/wp\/v2\/product"}],"about":[{"href":"https:\/\/www.novadistribution.eu\/fr\/wp-json\/wp\/v2\/types\/product"}],"wp:featuredmedia":[{"embeddable":true,"href":"https:\/\/www.novadistribution.eu\/fr\/wp-json\/wp\/v2\/media\/784462"}],"wp:attachment":[{"href":"https:\/\/www.novadistribution.eu\/fr\/wp-json\/wp\/v2\/media?parent=784461"}],"wp:term":[{"taxonomy":"product_brand","embeddable":true,"href":"https:\/\/www.novadistribution.eu\/fr\/wp-json\/wp\/v2\/product_brand?post=784461"},{"taxonomy":"product_cat","embeddable":true,"href":"https:\/\/www.novadistribution.eu\/fr\/wp-json\/wp\/v2\/product_cat?post=784461"},{"taxonomy":"product_tag","embeddable":true,"href":"https:\/\/www.novadistribution.eu\/fr\/wp-json\/wp\/v2\/product_tag?post=784461"}],"curies":[{"name":"wp","href":"https:\/\/api.w.org\/{rel}","templated":true}]}}