{"id":784509,"date":"2024-06-05T12:12:24","date_gmt":"2024-06-05T12:12:24","guid":{"rendered":"https:\/\/www.novadistribution.eu\/?post_type=product&#038;p=784509"},"modified":"2024-06-05T12:12:24","modified_gmt":"2024-06-05T12:12:24","slug":"carte-de-relais-ndeltgivsr-nd-41-3727","status":"publish","type":"product","link":"https:\/\/www.novadistribution.eu\/fr\/prodotti\/lectronique\/carte-de-relais-ndeltgivsr-nd-41-3727\/","title":{"rendered":"Carte de relais NDELTGIVSR (ND-41-3727)"},"content":{"rendered":"<p><strong>Carte de relais Thermoguard uP IV\/ V TG-VI\/ VIa\/ VIb<\/strong><\/p>\n<p>Convient aux appareils <strong>Thermo King<\/strong>:<\/p>\n<p><strong>SMX<\/strong>:<\/p>\n<p><strong>SL<\/strong>:\u00a0 \u00a0 \u00a0 100\/ 200\/ 300<\/p>\n<p><strong>SLe<\/strong>:<\/p>\n<p>Il s&rsquo;agit d&rsquo;un produit reconditionn\u00e9 et livr\u00e9 avec un programme d&rsquo;\u00e9change.<\/p>\n<p>Le retour doit pouvoir \u00eatre remis \u00e0 neuf<\/p>\n","protected":false},"excerpt":{"rendered":"<p>Codes de conversion OEM:<\/p>\n<p>41-3727<\/p>\n<p>413727<\/p>\n<p>41-2071<\/p>\n<p>412071<\/p>\n<p>41-3411<\/p>\n<p>413411<\/p>\n","protected":false},"featured_media":784510,"template":"","meta":{"_et_pb_use_builder":"","_et_pb_old_content":"","_et_gb_content_width":"","_joinchat":[]},"product_brand":[],"product_cat":[520],"product_tag":[],"class_list":{"0":"post-784509","1":"product","2":"type-product","3":"status-publish","4":"has-post-thumbnail","6":"product_cat-lectronique","8":"first","9":"instock","10":"purchasable","11":"product-type-simple"},"_links":{"self":[{"href":"https:\/\/www.novadistribution.eu\/fr\/wp-json\/wp\/v2\/product\/784509","targetHints":{"allow":["GET"]}}],"collection":[{"href":"https:\/\/www.novadistribution.eu\/fr\/wp-json\/wp\/v2\/product"}],"about":[{"href":"https:\/\/www.novadistribution.eu\/fr\/wp-json\/wp\/v2\/types\/product"}],"wp:featuredmedia":[{"embeddable":true,"href":"https:\/\/www.novadistribution.eu\/fr\/wp-json\/wp\/v2\/media\/784510"}],"wp:attachment":[{"href":"https:\/\/www.novadistribution.eu\/fr\/wp-json\/wp\/v2\/media?parent=784509"}],"wp:term":[{"taxonomy":"product_brand","embeddable":true,"href":"https:\/\/www.novadistribution.eu\/fr\/wp-json\/wp\/v2\/product_brand?post=784509"},{"taxonomy":"product_cat","embeddable":true,"href":"https:\/\/www.novadistribution.eu\/fr\/wp-json\/wp\/v2\/product_cat?post=784509"},{"taxonomy":"product_tag","embeddable":true,"href":"https:\/\/www.novadistribution.eu\/fr\/wp-json\/wp\/v2\/product_tag?post=784509"}],"curies":[{"name":"wp","href":"https:\/\/api.w.org\/{rel}","templated":true}]}}