{"id":784533,"date":"2024-06-05T15:22:19","date_gmt":"2024-06-05T15:22:19","guid":{"rendered":"https:\/\/www.novadistribution.eu\/?post_type=product&#038;p=784533"},"modified":"2024-06-05T15:48:21","modified_gmt":"2024-06-05T15:48:21","slug":"couverture-superieure-xarios-ndpctx3c-nd-79-60942-02","status":"publish","type":"product","link":"https:\/\/www.novadistribution.eu\/fr\/prodotti\/carrosserie-et-panneaux\/xarios-300-350-5\/couverture-superieure-xarios-ndpctx3c-nd-79-60942-02\/","title":{"rendered":"Couverture sup\u00e9rieure Xarios NDPCTX3C (ND-79-60942-02)"},"content":{"rendered":"<p><strong>Couvercle en plastique avec grille<\/strong><\/p>\n<p>Convient aux appareils <strong>Thermo King<\/strong>:<\/p>\n<p><strong>Xarios<\/strong>:\u00a0 300\/ 350<\/p>\n<p><strong>Caract\u00e9ristiques<\/strong> : L\u00e9g\u00e8ret\u00e9 et flexibilit\u00e9<\/p>\n<p>Ceci est un produit NOVA DISTRIBUTION<\/p>\n<p><strong>Made in ITALY<\/strong><\/p>\n<p>&nbsp;<\/p>\n","protected":false},"excerpt":{"rendered":"<p>Codes de conversion OEM:<\/p>\n<p>79-60942-02<\/p>\n<p>796094202<\/p>\n<p>58-60534-00<\/p>\n<p>586053400<\/p>\n","protected":false},"featured_media":784534,"template":"","meta":{"_et_pb_use_builder":"","_et_pb_old_content":"","_et_gb_content_width":"","_joinchat":[]},"product_brand":[],"product_cat":[616],"product_tag":[],"class_list":{"0":"post-784533","1":"product","2":"type-product","3":"status-publish","4":"has-post-thumbnail","6":"product_cat-xarios-300-350-5","8":"first","9":"instock","10":"purchasable","11":"product-type-simple"},"_links":{"self":[{"href":"https:\/\/www.novadistribution.eu\/fr\/wp-json\/wp\/v2\/product\/784533","targetHints":{"allow":["GET"]}}],"collection":[{"href":"https:\/\/www.novadistribution.eu\/fr\/wp-json\/wp\/v2\/product"}],"about":[{"href":"https:\/\/www.novadistribution.eu\/fr\/wp-json\/wp\/v2\/types\/product"}],"wp:featuredmedia":[{"embeddable":true,"href":"https:\/\/www.novadistribution.eu\/fr\/wp-json\/wp\/v2\/media\/784534"}],"wp:attachment":[{"href":"https:\/\/www.novadistribution.eu\/fr\/wp-json\/wp\/v2\/media?parent=784533"}],"wp:term":[{"taxonomy":"product_brand","embeddable":true,"href":"https:\/\/www.novadistribution.eu\/fr\/wp-json\/wp\/v2\/product_brand?post=784533"},{"taxonomy":"product_cat","embeddable":true,"href":"https:\/\/www.novadistribution.eu\/fr\/wp-json\/wp\/v2\/product_cat?post=784533"},{"taxonomy":"product_tag","embeddable":true,"href":"https:\/\/www.novadistribution.eu\/fr\/wp-json\/wp\/v2\/product_tag?post=784533"}],"curies":[{"name":"wp","href":"https:\/\/api.w.org\/{rel}","templated":true}]}}