{"id":784557,"date":"2024-06-07T10:08:06","date_gmt":"2024-06-07T10:08:06","guid":{"rendered":"https:\/\/www.novadistribution.eu\/?post_type=product&#038;p=784557"},"modified":"2024-06-07T10:08:06","modified_gmt":"2024-06-07T10:08:06","slug":"smart-reefer-ndeltktgupvi-nd-45-2425-5","status":"publish","type":"product","link":"https:\/\/www.novadistribution.eu\/fr\/prodotti\/lectronique\/smart-reefer-ndeltktgupvi-nd-45-2425-5\/","title":{"rendered":"Smart Reefer NDELTKTGUPVI (ND-45-2425)"},"content":{"rendered":"<p><strong>Thermoguard uP-VI microprocesseur avec \u00e9cran<\/strong><\/p>\n<p>Convient aux appareils <strong>Thermo King<\/strong>:<\/p>\n<p><strong>SB<\/strong>:\u00a0 \u00a0100\/ 200\/ 300\/ 400<\/p>\n<p><strong>SL<\/strong>:\u00a0 \u00a0 400\/30-50 \/ 400e\/30-50<\/p>\n<p>Il s&rsquo;agit d&rsquo;un produit reconditionn\u00e9 qui b\u00e9n\u00e9ficie d&rsquo;un programme d&rsquo;\u00e9change.<\/p>\n<p>The return must be refurbishable<\/p>\n","protected":false},"excerpt":{"rendered":"<p>Codes de conversion OEM:<\/p>\n<p>45-2425<\/p>\n<p>452425<\/p>\n<p>45-1930<\/p>\n<p>451930<\/p>\n","protected":false},"featured_media":784558,"template":"","meta":{"_et_pb_use_builder":"","_et_pb_old_content":"","_et_gb_content_width":"","_joinchat":[]},"product_brand":[],"product_cat":[520],"product_tag":[],"class_list":{"0":"post-784557","1":"product","2":"type-product","3":"status-publish","4":"has-post-thumbnail","6":"product_cat-lectronique","8":"first","9":"instock","10":"purchasable","11":"product-type-simple"},"_links":{"self":[{"href":"https:\/\/www.novadistribution.eu\/fr\/wp-json\/wp\/v2\/product\/784557","targetHints":{"allow":["GET"]}}],"collection":[{"href":"https:\/\/www.novadistribution.eu\/fr\/wp-json\/wp\/v2\/product"}],"about":[{"href":"https:\/\/www.novadistribution.eu\/fr\/wp-json\/wp\/v2\/types\/product"}],"wp:featuredmedia":[{"embeddable":true,"href":"https:\/\/www.novadistribution.eu\/fr\/wp-json\/wp\/v2\/media\/784558"}],"wp:attachment":[{"href":"https:\/\/www.novadistribution.eu\/fr\/wp-json\/wp\/v2\/media?parent=784557"}],"wp:term":[{"taxonomy":"product_brand","embeddable":true,"href":"https:\/\/www.novadistribution.eu\/fr\/wp-json\/wp\/v2\/product_brand?post=784557"},{"taxonomy":"product_cat","embeddable":true,"href":"https:\/\/www.novadistribution.eu\/fr\/wp-json\/wp\/v2\/product_cat?post=784557"},{"taxonomy":"product_tag","embeddable":true,"href":"https:\/\/www.novadistribution.eu\/fr\/wp-json\/wp\/v2\/product_tag?post=784557"}],"curies":[{"name":"wp","href":"https:\/\/api.w.org\/{rel}","templated":true}]}}