{"id":784581,"date":"2024-06-07T16:44:07","date_gmt":"2024-06-07T16:44:07","guid":{"rendered":"https:\/\/www.novadistribution.eu\/?post_type=product&#038;p=784581"},"modified":"2024-06-07T16:44:07","modified_gmt":"2024-06-07T16:44:07","slug":"microprocesseur-sr-3-ndeltksr3n-nd-845-2721","status":"publish","type":"product","link":"https:\/\/www.novadistribution.eu\/fr\/prodotti\/lectronique\/microprocesseur-sr-3-ndeltksr3n-nd-845-2721\/","title":{"rendered":"Microprocesseur SR-3 NDELTKSR3N (ND-845-2721)"},"content":{"rendered":"<p><strong>SR-3 Microprocesseur \/ carte logique pour remorque<\/strong><\/p>\n<p>Cette carte n&rsquo;est pas \u00e9quip\u00e9e d&rsquo;un processeur d&rsquo;ouverture de porte.<\/p>\n<p>Convient aux appareils <strong>Thermo King<\/strong>:<\/p>\n<p><strong>T-Series<\/strong>:\u00a0 800\/ 1000\/ 1200\/ T\/ Spectrum<\/p>\n<p>Il s&rsquo;agit d&rsquo;un produit reconditionn\u00e9 et livr\u00e9 avec un programme d&rsquo;\u00e9change.<\/p>\n<p>Le retour doit pouvoir \u00eatre remis \u00e0 neuf<\/p>\n","protected":false},"excerpt":{"rendered":"<p>Codes de conversion OEM:<\/p>\n<p>845-2721<\/p>\n<p>8452721<\/p>\n<p>45-2614<\/p>\n<p>452614<\/p>\n<p>45-2361<\/p>\n<p>452361<\/p>\n","protected":false},"featured_media":784582,"template":"","meta":{"_et_pb_use_builder":"","_et_pb_old_content":"","_et_gb_content_width":"","_joinchat":[]},"product_brand":[],"product_cat":[520],"product_tag":[],"class_list":{"0":"post-784581","1":"product","2":"type-product","3":"status-publish","4":"has-post-thumbnail","6":"product_cat-lectronique","8":"first","9":"instock","10":"purchasable","11":"product-type-simple"},"_links":{"self":[{"href":"https:\/\/www.novadistribution.eu\/fr\/wp-json\/wp\/v2\/product\/784581","targetHints":{"allow":["GET"]}}],"collection":[{"href":"https:\/\/www.novadistribution.eu\/fr\/wp-json\/wp\/v2\/product"}],"about":[{"href":"https:\/\/www.novadistribution.eu\/fr\/wp-json\/wp\/v2\/types\/product"}],"wp:featuredmedia":[{"embeddable":true,"href":"https:\/\/www.novadistribution.eu\/fr\/wp-json\/wp\/v2\/media\/784582"}],"wp:attachment":[{"href":"https:\/\/www.novadistribution.eu\/fr\/wp-json\/wp\/v2\/media?parent=784581"}],"wp:term":[{"taxonomy":"product_brand","embeddable":true,"href":"https:\/\/www.novadistribution.eu\/fr\/wp-json\/wp\/v2\/product_brand?post=784581"},{"taxonomy":"product_cat","embeddable":true,"href":"https:\/\/www.novadistribution.eu\/fr\/wp-json\/wp\/v2\/product_cat?post=784581"},{"taxonomy":"product_tag","embeddable":true,"href":"https:\/\/www.novadistribution.eu\/fr\/wp-json\/wp\/v2\/product_tag?post=784581"}],"curies":[{"name":"wp","href":"https:\/\/api.w.org\/{rel}","templated":true}]}}