{"id":784605,"date":"2024-06-21T15:20:04","date_gmt":"2024-06-21T15:20:04","guid":{"rendered":"https:\/\/www.novadistribution.eu\/?post_type=product&#038;p=784605"},"modified":"2024-06-21T15:20:04","modified_gmt":"2024-06-21T15:20:04","slug":"smart-refeer-3-ndeltksr3h-nd-45-2726-5","status":"publish","type":"product","link":"https:\/\/www.novadistribution.eu\/fr\/prodotti\/lectronique\/smart-refeer-3-ndeltksr3h-nd-45-2726-5\/","title":{"rendered":"Smart Refeer 3 NDELTKSR3H (ND-45-2726)"},"content":{"rendered":"<p><strong>Panneau de contr\u00f4le SR-3 HMI<\/strong><\/p>\n<p>Convient \u00e0 tous les appareils <strong>Thermo King<\/strong>:<\/p>\n<p><strong>SL<\/strong>:\u00a0 \u00a0 \u00a0 \u00a0 400e\/ MT\/ Spectrum\/ SR2<\/p>\n<p><strong>SLX<\/strong>:\u00a0 \u00a0 \u00a0100\/ 200\/ 300\/ Spectrum<\/p>\n<p><strong>SLXi<\/strong>:\u00a0 \u00a0 100\/ 200\/ 300\/ 400\/ Spectrum\/ Whisper Pro<\/p>\n<p><strong>SLXe<\/strong>:\u00a0 \u00a0200\/ 300 \/400\/ Spectrum<\/p>\n<p>Il s&rsquo;agit d&rsquo;un produit reconditionn\u00e9 et livr\u00e9 avec un programme d&rsquo;\u00e9change.<\/p>\n<p>Le retour doit pouvoir \u00eatre remis \u00e0 neuf<\/p>\n<p>&nbsp;<\/p>\n","protected":false},"excerpt":{"rendered":"<p>Codes de conversion OEM:<\/p>\n<p>45-2726<\/p>\n<p>452726<\/p>\n<p>45-2302<\/p>\n<p>452302<\/p>\n","protected":false},"featured_media":784606,"template":"","meta":{"_et_pb_use_builder":"","_et_pb_old_content":"","_et_gb_content_width":"","_joinchat":[]},"product_brand":[],"product_cat":[520],"product_tag":[],"class_list":{"0":"post-784605","1":"product","2":"type-product","3":"status-publish","4":"has-post-thumbnail","6":"product_cat-lectronique","8":"first","9":"instock","10":"purchasable","11":"product-type-simple"},"_links":{"self":[{"href":"https:\/\/www.novadistribution.eu\/fr\/wp-json\/wp\/v2\/product\/784605","targetHints":{"allow":["GET"]}}],"collection":[{"href":"https:\/\/www.novadistribution.eu\/fr\/wp-json\/wp\/v2\/product"}],"about":[{"href":"https:\/\/www.novadistribution.eu\/fr\/wp-json\/wp\/v2\/types\/product"}],"wp:featuredmedia":[{"embeddable":true,"href":"https:\/\/www.novadistribution.eu\/fr\/wp-json\/wp\/v2\/media\/784606"}],"wp:attachment":[{"href":"https:\/\/www.novadistribution.eu\/fr\/wp-json\/wp\/v2\/media?parent=784605"}],"wp:term":[{"taxonomy":"product_brand","embeddable":true,"href":"https:\/\/www.novadistribution.eu\/fr\/wp-json\/wp\/v2\/product_brand?post=784605"},{"taxonomy":"product_cat","embeddable":true,"href":"https:\/\/www.novadistribution.eu\/fr\/wp-json\/wp\/v2\/product_cat?post=784605"},{"taxonomy":"product_tag","embeddable":true,"href":"https:\/\/www.novadistribution.eu\/fr\/wp-json\/wp\/v2\/product_tag?post=784605"}],"curies":[{"name":"wp","href":"https:\/\/api.w.org\/{rel}","templated":true}]}}