{"id":784629,"date":"2024-07-09T16:03:09","date_gmt":"2024-07-09T16:03:09","guid":{"rendered":"https:\/\/www.novadistribution.eu\/?post_type=product&#038;p=784629"},"modified":"2024-07-09T16:08:27","modified_gmt":"2024-07-09T16:08:27","slug":"carte-de-relais-sr-2-ndeltksrsr2-nd-45-2276","status":"publish","type":"product","link":"https:\/\/www.novadistribution.eu\/fr\/prodotti\/lectronique\/carte-de-relais-sr-2-ndeltksrsr2-nd-45-2276\/","title":{"rendered":"Carte de relais SR-2 NDELTKSRSR2 (ND-45-2276)"},"content":{"rendered":"<p><strong>Carte relais pour SR-2<\/strong><\/p>\n<p>Convient aux appareils <strong>Thermo King<\/strong>:<\/p>\n<p><strong>SLX<\/strong>:\u00a0 \u00a0 \u00a0 \u00a0 \u00a0400\/ Whisper\/ Spectrum<\/p>\n<p><strong>SLXe<\/strong>:\u00a0 \u00a0 \u00a0 \u00a0Spectrum<\/p>\n<p><strong>T-Series<\/strong>:\u00a0 800\/ 1000\/ 1200\/ R\/ Spectrum<\/p>\n<p>Il s&rsquo;agit d&rsquo;un produit reconditionn\u00e9 qui b\u00e9n\u00e9ficie d&rsquo;un programme d&rsquo;\u00e9change.<\/p>\n<p>Le retour doit pouvoir \u00eatre remis \u00e0 neuf<\/p>\n<p>&nbsp;<\/p>\n","protected":false},"excerpt":{"rendered":"<p>Codes de conversion OEM:<\/p>\n<p>45-2276<\/p>\n<p>452276<\/p>\n<p>45-2151<\/p>\n<p>452151<\/p>\n","protected":false},"featured_media":784630,"template":"","meta":{"_et_pb_use_builder":"","_et_pb_old_content":"","_et_gb_content_width":"","_joinchat":[]},"product_brand":[],"product_cat":[520],"product_tag":[],"class_list":{"0":"post-784629","1":"product","2":"type-product","3":"status-publish","4":"has-post-thumbnail","6":"product_cat-lectronique","8":"first","9":"instock","10":"purchasable","11":"product-type-simple"},"_links":{"self":[{"href":"https:\/\/www.novadistribution.eu\/fr\/wp-json\/wp\/v2\/product\/784629","targetHints":{"allow":["GET"]}}],"collection":[{"href":"https:\/\/www.novadistribution.eu\/fr\/wp-json\/wp\/v2\/product"}],"about":[{"href":"https:\/\/www.novadistribution.eu\/fr\/wp-json\/wp\/v2\/types\/product"}],"wp:featuredmedia":[{"embeddable":true,"href":"https:\/\/www.novadistribution.eu\/fr\/wp-json\/wp\/v2\/media\/784630"}],"wp:attachment":[{"href":"https:\/\/www.novadistribution.eu\/fr\/wp-json\/wp\/v2\/media?parent=784629"}],"wp:term":[{"taxonomy":"product_brand","embeddable":true,"href":"https:\/\/www.novadistribution.eu\/fr\/wp-json\/wp\/v2\/product_brand?post=784629"},{"taxonomy":"product_cat","embeddable":true,"href":"https:\/\/www.novadistribution.eu\/fr\/wp-json\/wp\/v2\/product_cat?post=784629"},{"taxonomy":"product_tag","embeddable":true,"href":"https:\/\/www.novadistribution.eu\/fr\/wp-json\/wp\/v2\/product_tag?post=784629"}],"curies":[{"name":"wp","href":"https:\/\/api.w.org\/{rel}","templated":true}]}}