{"id":784653,"date":"2024-07-11T10:33:41","date_gmt":"2024-07-11T10:33:41","guid":{"rendered":"https:\/\/www.novadistribution.eu\/?post_type=product&#038;p=784653"},"modified":"2025-01-07T14:41:30","modified_gmt":"2025-01-07T14:41:30","slug":"display-vector-1350-ndelvecdis1350-nd-12-00723-53-5","status":"publish","type":"product","link":"https:\/\/www.novadistribution.eu\/fr\/prodotti\/lectronique\/display-vector-1350-ndelvecdis1350-nd-12-00723-53-5\/","title":{"rendered":"Display Vector 1350 NDELVECDIS1350 (ND-12-00723-53)"},"content":{"rendered":"<p><strong>Display et clavier pour Vector 1350 W RS232<\/strong><\/p>\n<p>Convient aux unit\u00e9s <strong>Carrier Transicold<\/strong>:<\/p>\n<p><strong>Vector<\/strong>:\u00a0 1350<\/p>\n<p>Il s&rsquo;agit d&rsquo;un produit reconditionn\u00e9 qui b\u00e9n\u00e9ficie d&rsquo;un programme d&rsquo;\u00e9change.<\/p>\n<p>Le retour doit pouvoir \u00eatre remis \u00e0 neuf<\/p>\n","protected":false},"excerpt":{"rendered":"<p>Codes de conversion OEM<\/p>\n<p>12-00723-53<\/p>\n<p>120072353<\/p>\n<p>12-00723-52<\/p>\n<p>120072352<\/p>\n<p>12-00723-03<\/p>\n<p>120072303<\/p>\n<p>12-00723-02<\/p>\n<p>120072302<\/p>\n","protected":false},"featured_media":784654,"template":"","meta":{"_et_pb_use_builder":"","_et_pb_old_content":"","_et_gb_content_width":"","_joinchat":[]},"product_brand":[],"product_cat":[520],"product_tag":[],"class_list":{"0":"post-784653","1":"product","2":"type-product","3":"status-publish","4":"has-post-thumbnail","6":"product_cat-lectronique","8":"first","9":"instock","10":"purchasable","11":"product-type-simple"},"_links":{"self":[{"href":"https:\/\/www.novadistribution.eu\/fr\/wp-json\/wp\/v2\/product\/784653","targetHints":{"allow":["GET"]}}],"collection":[{"href":"https:\/\/www.novadistribution.eu\/fr\/wp-json\/wp\/v2\/product"}],"about":[{"href":"https:\/\/www.novadistribution.eu\/fr\/wp-json\/wp\/v2\/types\/product"}],"wp:featuredmedia":[{"embeddable":true,"href":"https:\/\/www.novadistribution.eu\/fr\/wp-json\/wp\/v2\/media\/784654"}],"wp:attachment":[{"href":"https:\/\/www.novadistribution.eu\/fr\/wp-json\/wp\/v2\/media?parent=784653"}],"wp:term":[{"taxonomy":"product_brand","embeddable":true,"href":"https:\/\/www.novadistribution.eu\/fr\/wp-json\/wp\/v2\/product_brand?post=784653"},{"taxonomy":"product_cat","embeddable":true,"href":"https:\/\/www.novadistribution.eu\/fr\/wp-json\/wp\/v2\/product_cat?post=784653"},{"taxonomy":"product_tag","embeddable":true,"href":"https:\/\/www.novadistribution.eu\/fr\/wp-json\/wp\/v2\/product_tag?post=784653"}],"curies":[{"name":"wp","href":"https:\/\/api.w.org\/{rel}","templated":true}]}}