{"id":784677,"date":"2024-07-12T12:25:17","date_gmt":"2024-07-12T12:25:17","guid":{"rendered":"https:\/\/www.novadistribution.eu\/?post_type=product&#038;p=784677"},"modified":"2024-07-12T12:34:07","modified_gmt":"2024-07-12T12:34:07","slug":"display-vector-19he-ndelvecdishe-nd-12-00663-65-4","status":"publish","type":"product","link":"https:\/\/www.novadistribution.eu\/fr\/prodotti\/lectronique\/display-vector-19he-ndelvecdishe-nd-12-00663-65-4\/","title":{"rendered":"Display Vector 19HE NDELVECDISHE (ND-12-00663-65)"},"content":{"rendered":"<p><strong>Display\u00a0complet de l&rsquo;APX<\/strong><\/p>\n<p>Convient aux unit\u00e9s <strong>Carrier Transicold<\/strong>:<\/p>\n<p><strong>Vector<\/strong>:\u00a0 \u00a0 19\/ HE\/ MT<\/p>\n<p>Il s&rsquo;agit d&rsquo;un produit reconditionn\u00e9 qui b\u00e9n\u00e9ficie d&rsquo;un programme d&rsquo;\u00e9change.<\/p>\n<p>Le retour doit pouvoir \u00eatre remis \u00e0 neuf<\/p>\n","protected":false},"excerpt":{"rendered":"<p>Codes de conversion OEM:<\/p>\n<p>12-00663-65<\/p>\n<p>120066365<\/p>\n<p>12-00663-64<\/p>\n<p>120066364<\/p>\n<p>12-00663-63<\/p>\n<p>12-0066363<\/p>\n<p>12-00663-05<\/p>\n<p>120066305<\/p>\n<p>12-00663-06<\/p>\n<p>120066306<\/p>\n","protected":false},"featured_media":784678,"template":"","meta":{"_et_pb_use_builder":"","_et_pb_old_content":"","_et_gb_content_width":"","_joinchat":[]},"product_brand":[],"product_cat":[520],"product_tag":[],"class_list":{"0":"post-784677","1":"product","2":"type-product","3":"status-publish","4":"has-post-thumbnail","6":"product_cat-lectronique","8":"first","9":"instock","10":"purchasable","11":"product-type-simple"},"_links":{"self":[{"href":"https:\/\/www.novadistribution.eu\/fr\/wp-json\/wp\/v2\/product\/784677","targetHints":{"allow":["GET"]}}],"collection":[{"href":"https:\/\/www.novadistribution.eu\/fr\/wp-json\/wp\/v2\/product"}],"about":[{"href":"https:\/\/www.novadistribution.eu\/fr\/wp-json\/wp\/v2\/types\/product"}],"wp:featuredmedia":[{"embeddable":true,"href":"https:\/\/www.novadistribution.eu\/fr\/wp-json\/wp\/v2\/media\/784678"}],"wp:attachment":[{"href":"https:\/\/www.novadistribution.eu\/fr\/wp-json\/wp\/v2\/media?parent=784677"}],"wp:term":[{"taxonomy":"product_brand","embeddable":true,"href":"https:\/\/www.novadistribution.eu\/fr\/wp-json\/wp\/v2\/product_brand?post=784677"},{"taxonomy":"product_cat","embeddable":true,"href":"https:\/\/www.novadistribution.eu\/fr\/wp-json\/wp\/v2\/product_cat?post=784677"},{"taxonomy":"product_tag","embeddable":true,"href":"https:\/\/www.novadistribution.eu\/fr\/wp-json\/wp\/v2\/product_tag?post=784677"}],"curies":[{"name":"wp","href":"https:\/\/api.w.org\/{rel}","templated":true}]}}