{"id":785349,"date":"2024-10-24T15:11:47","date_gmt":"2024-10-24T15:11:47","guid":{"rendered":"https:\/\/www.novadistribution.eu\/?post_type=product&#038;p=785349"},"modified":"2026-01-29T14:49:48","modified_gmt":"2026-01-29T13:49:48","slug":"chargeur-de-batterie-neos-ndcbneos12-nd-12-00746-00","status":"publish","type":"product","link":"https:\/\/www.novadistribution.eu\/fr\/prodotti\/pieces-electriques\/transformateurs-et-chargeurs-de-batterie\/chargeur-de-batterie-neos-ndcbneos12-nd-12-00746-00\/","title":{"rendered":"Chargeur de batterie NEOS NDCBNEOS12 (ND-12-00746-00)"},"content":{"rendered":"<p><strong>Chargeur de batterie 12V<\/strong><\/p>\n<p>Convient aux unit\u00e9s <strong>Carrier Transicold<\/strong>:<\/p>\n<p><strong>NEOS<\/strong>:<\/p>\n<p>Produit remanufactur\u00e9<\/p>\n<p>Le chargeur de batterie est accompagn\u00e9 d&rsquo;un programme d&rsquo;\u00e9change.<\/p>\n<p>Les chargeurs de batterie retourn\u00e9s doivent pouvoir \u00eatre remis \u00e0 neuf.<\/p>\n","protected":false},"excerpt":{"rendered":"<p>Codes de conversion OEM :<\/p>\n<p>12-00746-00<\/p>\n<p>120074600<\/p>\n<p>76-61216-00<\/p>\n<p>766121600<\/p>\n<p>CAR1K21A10<\/p>\n","protected":false},"featured_media":785350,"template":"","meta":{"_et_pb_use_builder":"","_et_pb_old_content":"","_et_gb_content_width":"","_joinchat":[]},"product_brand":[],"product_cat":[574],"product_tag":[],"class_list":{"0":"post-785349","1":"product","2":"type-product","3":"status-publish","4":"has-post-thumbnail","6":"product_cat-transformateurs-et-chargeurs-de-batterie","8":"first","9":"instock","10":"purchasable","11":"product-type-simple"},"_links":{"self":[{"href":"https:\/\/www.novadistribution.eu\/fr\/wp-json\/wp\/v2\/product\/785349","targetHints":{"allow":["GET"]}}],"collection":[{"href":"https:\/\/www.novadistribution.eu\/fr\/wp-json\/wp\/v2\/product"}],"about":[{"href":"https:\/\/www.novadistribution.eu\/fr\/wp-json\/wp\/v2\/types\/product"}],"wp:featuredmedia":[{"embeddable":true,"href":"https:\/\/www.novadistribution.eu\/fr\/wp-json\/wp\/v2\/media\/785350"}],"wp:attachment":[{"href":"https:\/\/www.novadistribution.eu\/fr\/wp-json\/wp\/v2\/media?parent=785349"}],"wp:term":[{"taxonomy":"product_brand","embeddable":true,"href":"https:\/\/www.novadistribution.eu\/fr\/wp-json\/wp\/v2\/product_brand?post=785349"},{"taxonomy":"product_cat","embeddable":true,"href":"https:\/\/www.novadistribution.eu\/fr\/wp-json\/wp\/v2\/product_cat?post=785349"},{"taxonomy":"product_tag","embeddable":true,"href":"https:\/\/www.novadistribution.eu\/fr\/wp-json\/wp\/v2\/product_tag?post=785349"}],"curies":[{"name":"wp","href":"https:\/\/api.w.org\/{rel}","templated":true}]}}