{"id":785565,"date":"2024-11-27T13:06:32","date_gmt":"2024-11-27T13:06:32","guid":{"rendered":"https:\/\/www.novadistribution.eu\/?post_type=product&#038;p=785565"},"modified":"2025-03-31T12:32:33","modified_gmt":"2025-03-31T12:32:33","slug":"pompe-a-eau-ndpa486l-nd-13-3507","status":"publish","type":"product","link":"https:\/\/www.novadistribution.eu\/fr\/prodotti\/pompe-a-eau\/pompe-a-eau-ndpa486l-nd-13-3507\/","title":{"rendered":"Pompe \u00e0 eau NDPA486L (ND-13-3507)"},"content":{"rendered":"<p><strong>Pompe \u00e0 eau avec d\u00e9rivation accrue<\/strong><\/p>\n<p>Convient aux moteurs :<\/p>\n<p><strong>Thermo King<\/strong>:\u00a0 486\/ 486V<\/p>\n<p>Convient aux unit\u00e9s <strong>Thermo King<\/strong> :<\/p>\n<p><strong>SL<\/strong>:\u00a0 \u00a0 \u00a0 \u00a0 100\/ 200\/ 300\/ 400\/ TCI\/ 100e\/ 200e\/ 400e\/ Spectrum<\/p>\n<p><strong>SLX<\/strong>:\u00a0 \u00a0 \u00a0 100\/ 200\/ 300\/ 400\/ Spectrum<\/p>\n<p><strong>SLXe<\/strong>:\u00a0 \u00a0 100\/ 200\/ 300\/ 400\/ Spectrum<\/p>\n<p><strong>SLXi<\/strong>:\u00a0 \u00a0 \u00a0100\/ 200\/ 300\/ 400\/ Spectrum<\/p>\n<p>Produit non original<\/p>\n","protected":false},"excerpt":{"rendered":"<p>Code de conversion OEM:<\/p>\n<p>13-2574<\/p>\n<p>132574<\/p>\n<p>13-3507<\/p>\n<p>133507<\/p>\n","protected":false},"featured_media":785566,"template":"","meta":{"_et_pb_use_builder":"","_et_pb_old_content":"","_et_gb_content_width":"","_joinchat":[]},"product_brand":[],"product_cat":[496],"product_tag":[],"class_list":{"0":"post-785565","1":"product","2":"type-product","3":"status-publish","4":"has-post-thumbnail","6":"product_cat-pompe-a-eau","8":"first","9":"instock","10":"purchasable","11":"product-type-simple"},"_links":{"self":[{"href":"https:\/\/www.novadistribution.eu\/fr\/wp-json\/wp\/v2\/product\/785565","targetHints":{"allow":["GET"]}}],"collection":[{"href":"https:\/\/www.novadistribution.eu\/fr\/wp-json\/wp\/v2\/product"}],"about":[{"href":"https:\/\/www.novadistribution.eu\/fr\/wp-json\/wp\/v2\/types\/product"}],"wp:featuredmedia":[{"embeddable":true,"href":"https:\/\/www.novadistribution.eu\/fr\/wp-json\/wp\/v2\/media\/785566"}],"wp:attachment":[{"href":"https:\/\/www.novadistribution.eu\/fr\/wp-json\/wp\/v2\/media?parent=785565"}],"wp:term":[{"taxonomy":"product_brand","embeddable":true,"href":"https:\/\/www.novadistribution.eu\/fr\/wp-json\/wp\/v2\/product_brand?post=785565"},{"taxonomy":"product_cat","embeddable":true,"href":"https:\/\/www.novadistribution.eu\/fr\/wp-json\/wp\/v2\/product_cat?post=785565"},{"taxonomy":"product_tag","embeddable":true,"href":"https:\/\/www.novadistribution.eu\/fr\/wp-json\/wp\/v2\/product_tag?post=785565"}],"curies":[{"name":"wp","href":"https:\/\/api.w.org\/{rel}","templated":true}]}}