{"id":785661,"date":"2024-12-19T16:25:13","date_gmt":"2024-12-19T16:25:13","guid":{"rendered":"https:\/\/www.novadistribution.eu\/?post_type=product&#038;p=785661"},"modified":"2024-12-27T10:41:19","modified_gmt":"2024-12-27T10:41:19","slug":"charniere-vector-ndveccls-nd-44-00382-00-nd-44-00382-01","status":"publish","type":"product","link":"https:\/\/www.novadistribution.eu\/fr\/prodotti\/carrosserie-et-panneaux\/vector-5\/charniere-vector-ndveccls-nd-44-00382-00-nd-44-00382-01\/","title":{"rendered":"Charni\u00e8re Vector NDVECCLS (ND-44-00382-00) (ND-44-00382-01)"},"content":{"rendered":"<p><strong>Charni\u00e8re sup\u00e9rieure des portes lat\u00e9rales inf\u00e9rieures <\/strong><\/p>\n<p>Convient aux unit\u00e9s\u00a0<strong>Carrier Transicold<\/strong>\u00a0:<\/p>\n<p><strong>Vector<\/strong>:\u00a0 \u00a01350\/ 1550\/ 1850\/ 1950<\/p>\n<p>Ceci est un produit\u00a0<strong>NOVA DISTRIBUTION<\/strong><\/p>\n<p><strong>Made in Italy<\/strong><\/p>\n<p>&nbsp;<\/p>\n","protected":false},"excerpt":{"rendered":"<p>Codes de conversion OEM :<\/p>\n<p>44-00382-00<\/p>\n<p>440038200<\/p>\n<p>44-00382-01<\/p>\n<p>440038201<\/p>\n<p>&nbsp;<\/p>\n","protected":false},"featured_media":785662,"template":"","meta":{"_et_pb_use_builder":"","_et_pb_old_content":"","_et_gb_content_width":"","_joinchat":[]},"product_brand":[],"product_cat":[544],"product_tag":[],"class_list":{"0":"post-785661","1":"product","2":"type-product","3":"status-publish","4":"has-post-thumbnail","6":"product_cat-vector-5","8":"first","9":"instock","10":"purchasable","11":"product-type-simple"},"_links":{"self":[{"href":"https:\/\/www.novadistribution.eu\/fr\/wp-json\/wp\/v2\/product\/785661","targetHints":{"allow":["GET"]}}],"collection":[{"href":"https:\/\/www.novadistribution.eu\/fr\/wp-json\/wp\/v2\/product"}],"about":[{"href":"https:\/\/www.novadistribution.eu\/fr\/wp-json\/wp\/v2\/types\/product"}],"wp:featuredmedia":[{"embeddable":true,"href":"https:\/\/www.novadistribution.eu\/fr\/wp-json\/wp\/v2\/media\/785662"}],"wp:attachment":[{"href":"https:\/\/www.novadistribution.eu\/fr\/wp-json\/wp\/v2\/media?parent=785661"}],"wp:term":[{"taxonomy":"product_brand","embeddable":true,"href":"https:\/\/www.novadistribution.eu\/fr\/wp-json\/wp\/v2\/product_brand?post=785661"},{"taxonomy":"product_cat","embeddable":true,"href":"https:\/\/www.novadistribution.eu\/fr\/wp-json\/wp\/v2\/product_cat?post=785661"},{"taxonomy":"product_tag","embeddable":true,"href":"https:\/\/www.novadistribution.eu\/fr\/wp-json\/wp\/v2\/product_tag?post=785661"}],"curies":[{"name":"wp","href":"https:\/\/api.w.org\/{rel}","templated":true}]}}